{"id":23043,"date":"2018-11-16T16:49:12","date_gmt":"2018-11-16T15:49:12","guid":{"rendered":"https:\/\/websitetest.smartpm.solutions\/home\/ueber-uns\/contact-smartpm-solutions\/"},"modified":"2026-02-17T11:24:02","modified_gmt":"2026-02-17T10:24:02","slug":"kontakt-smartpm-solutions","status":"publish","type":"page","link":"https:\/\/smartpm.solutions\/de\/kontakt-smartpm-solutions\/","title":{"rendered":"Kontaktieren Sie uns"},"content":{"rendered":"\t\t<div data-elementor-type=\"wp-post\" data-elementor-id=\"23043\" class=\"elementor elementor-23043 elementor-209\" data-elementor-post-type=\"page\">\n\t\t\t\t\t\t<section class=\"elementor-section elementor-top-section elementor-element elementor-element-38fc4ec elementor-section-boxed elementor-section-height-default elementor-section-height-default\" data-id=\"38fc4ec\" data-element_type=\"section\" data-e-type=\"section\" data-settings=\"{&quot;background_background&quot;:&quot;classic&quot;}\">\n\t\t\t\t\t\t<div class=\"elementor-container elementor-column-gap-default\">\n\t\t\t\t\t<div class=\"elementor-column elementor-col-100 elementor-top-column elementor-element elementor-element-90bd617\" data-id=\"90bd617\" data-element_type=\"column\" data-e-type=\"column\">\n\t\t\t<div class=\"elementor-widget-wrap elementor-element-populated\">\n\t\t\t\t\t\t<div class=\"elementor-element elementor-element-f1eff4c elementor-widget elementor-widget-heading\" data-id=\"f1eff4c\" data-element_type=\"widget\" data-e-type=\"widget\" data-widget_type=\"heading.default\">\n\t\t\t\t\t<h1 class=\"elementor-heading-title elementor-size-default\">Kontaktieren Sie uns gerne<\/h1>\t\t\t\t<\/div>\n\t\t\t\t\t<\/div>\n\t\t<\/div>\n\t\t\t\t\t<\/div>\n\t\t<\/section>\n\t\t\t\t<section class=\"elementor-section elementor-top-section elementor-element elementor-element-14bfc96 elementor-section-boxed elementor-section-height-default elementor-section-height-default\" data-id=\"14bfc96\" data-element_type=\"section\" data-e-type=\"section\">\n\t\t\t\t\t\t<div class=\"elementor-container elementor-column-gap-default\">\n\t\t\t\t\t<div class=\"elementor-column elementor-col-25 elementor-top-column elementor-element elementor-element-dc5889b\" data-id=\"dc5889b\" data-element_type=\"column\" data-e-type=\"column\">\n\t\t\t<div class=\"elementor-widget-wrap\">\n\t\t\t\t\t\t\t<\/div>\n\t\t<\/div>\n\t\t\t\t<div class=\"elementor-column elementor-col-50 elementor-top-column elementor-element elementor-element-3af781b\" data-id=\"3af781b\" data-element_type=\"column\" data-e-type=\"column\">\n\t\t\t<div class=\"elementor-widget-wrap elementor-element-populated\">\n\t\t\t\t\t\t<div class=\"elementor-element elementor-element-3dc0d17 elementor-widget elementor-widget-image\" data-id=\"3dc0d17\" data-element_type=\"widget\" data-e-type=\"widget\" data-widget_type=\"image.default\">\n\t\t\t\t\t\t\t\t\t\t\t\t\t\t\t<img fetchpriority=\"high\" decoding=\"async\" width=\"2560\" height=\"1592\" src=\"https:\/\/smartpm.solutions\/wp-content\/uploads\/businesswoman_pexels_1.2.2019.jpg\" class=\"attachment-full size-full wp-image-40866\" alt=\"\" srcset=\"https:\/\/smartpm.solutions\/wp-content\/uploads\/businesswoman_pexels_1.2.2019.jpg 2560w, https:\/\/smartpm.solutions\/wp-content\/uploads\/businesswoman_pexels_1.2.2019-300x187.jpg 300w, https:\/\/smartpm.solutions\/wp-content\/uploads\/businesswoman_pexels_1.2.2019-1024x637.jpg 1024w, https:\/\/smartpm.solutions\/wp-content\/uploads\/businesswoman_pexels_1.2.2019-768x478.jpg 768w, https:\/\/smartpm.solutions\/wp-content\/uploads\/businesswoman_pexels_1.2.2019-1536x955.jpg 1536w, https:\/\/smartpm.solutions\/wp-content\/uploads\/businesswoman_pexels_1.2.2019-2048x1274.jpg 2048w\" sizes=\"(max-width: 2560px) 100vw, 2560px\" \/>\t\t\t\t\t\t\t\t\t\t\t\t\t\t\t<\/div>\n\t\t\t\t\t<\/div>\n\t\t<\/div>\n\t\t\t\t<div class=\"elementor-column elementor-col-25 elementor-top-column elementor-element elementor-element-dea00d1\" data-id=\"dea00d1\" data-element_type=\"column\" data-e-type=\"column\">\n\t\t\t<div class=\"elementor-widget-wrap\">\n\t\t\t\t\t\t\t<\/div>\n\t\t<\/div>\n\t\t\t\t\t<\/div>\n\t\t<\/section>\n\t\t\t\t<section class=\"elementor-section elementor-top-section elementor-element elementor-element-41670f6 elementor-section-boxed elementor-section-height-default elementor-section-height-default\" data-id=\"41670f6\" data-element_type=\"section\" data-e-type=\"section\">\n\t\t\t\t\t\t<div class=\"elementor-container elementor-column-gap-default\">\n\t\t\t\t\t<div class=\"elementor-column elementor-col-100 elementor-top-column elementor-element elementor-element-9893e4e\" data-id=\"9893e4e\" data-element_type=\"column\" data-e-type=\"column\">\n\t\t\t<div class=\"elementor-widget-wrap elementor-element-populated\">\n\t\t\t\t\t\t<div class=\"elementor-element elementor-element-7714ff5 elementor-widget elementor-widget-text-editor\" data-id=\"7714ff5\" data-element_type=\"widget\" data-e-type=\"widget\" data-widget_type=\"text-editor.default\">\n\t\t\t\t\t\t\t\t\t<p>Sie interessieren sich konkret f\u00fcr eine unserer Controlling-L\u00f6sungen und\u00a0 m\u00f6chten dazu gerne ein <strong>Fachgespr\u00e4ch<\/strong> f\u00fchren? <strong><a href=\"https:\/\/smartpm.solutions\/de\/home\/beratung\/expertengespraech\">Dann klicken Sie hier &gt;&gt;<\/a><\/strong><\/p><p>Sie sind bereits Kunde und ben\u00f6tigen <strong>Support<\/strong>? <strong><a href=\"https:\/\/smartpm.solutions\/de\/home\/support\/\">Dann klicken Sie hier &gt;&gt;<\/a><\/strong><\/p><p>In allen anderen F\u00e4llen freuen wir uns auf Ihre Nachricht \u00fcber unser Kontaktformular. Wir melden uns umgehend bei Ihnen zur\u00fcck!<\/p><p>Alternativ erreichen Sie uns in \u00d6sterreich unter +43 (1) 358 00 70, in Deutschland unter +49 (89) 26 20 57 88 oder per e-mail <strong><a href=\"mailto:info@smartpm.solutions\">info@smartpm.solutions<\/a><\/strong><\/p>\t\t\t\t\t\t\t\t<\/div>\n\t\t\t\t<div class=\"elementor-element elementor-element-e2d7388 elementor-widget elementor-widget-html\" data-id=\"e2d7388\" data-element_type=\"widget\" data-e-type=\"widget\" data-widget_type=\"html.default\">\n\t\t\t\t\t<iframe\r\n  id=\"hsFormFrame\"\r\n  src=\"https:\/\/page.smartpm.solutions\/de\/kontaktformular-de\"\r\n  style=\"width:100%; border:0; display:block; overflow:hidden;\"\r\n  scrolling=\"no\"\r\n  frameborder=\"0\"\r\n  allowtransparency=\"true\"\r\n  loading=\"lazy\">\r\n<\/iframe>\r\n<script>\r\n(function () {\r\n  const iframe = document.getElementById('hsFormFrame');\r\n  const allowedOrigin = (() => { try { return new URL(iframe.src).origin; } catch (e) { return '*'; } })();\r\n  iframe.style.transition = 'height 120ms ease';\r\n  function onMessage(e) {\r\n    if (allowedOrigin !== '*' && e.origin !== allowedOrigin) return;\r\n    let data = e.data;\r\n    if (typeof data === 'string') { try { data = JSON.parse(data); } catch (_) {} }\r\n    \/\/ Auto-Height\r\n    if (data && (data.type === 'hs-size' || data.height)) {\r\n      const h = Number(data.height || data.value);\r\n      if (Number.isFinite(h) && h > 0 && h < 20000) iframe.style.height = h + 'px';\r\n    }\r\n    \/\/ Top-Level-Redirect (pr\u00e4feriert, falls Kindseite meldet)\r\n    if (data && data.type === 'hs-redirect' && data.url) {\r\n      try { window.location.href = data.url; } catch { window.location.assign(data.url); }\r\n    }\r\n  }\r\n  function pingChild() {\r\n    try {\r\n      if (iframe.contentWindow) {\r\n        iframe.contentWindow.postMessage({ type: 'hs-ping' }, allowedOrigin === '*' ? '*' : allowedOrigin);\r\n      }\r\n    } catch (_) {}\r\n  }\r\n  window.addEventListener('message', onMessage, false);\r\n  iframe.addEventListener('load', () => {\r\n    pingChild();\r\n    setTimeout(pingChild, 150);\r\n    setTimeout(pingChild, 600);\r\n    setTimeout(pingChild, 1200);\r\n    setTimeout(pingChild, 2000);\r\n  });\r\n})();\r\n<\/script> \r\n\t\t\t\t<\/div>\n\t\t\t\t<div class=\"elementor-element elementor-element-24c9dea elementor-widget elementor-widget-google_maps\" data-id=\"24c9dea\" data-element_type=\"widget\" data-e-type=\"widget\" data-widget_type=\"google_maps.default\">\n\t\t\t\t\t\t\t<div class=\"elementor-custom-embed\">\n\t\t\t<iframe loading=\"lazy\"\n\t\t\t\t\tsrc=\"https:\/\/maps.google.com\/maps?q=smartPM.solutions&#038;t=m&#038;z=10&#038;output=embed&#038;iwloc=near\"\n\t\t\t\t\ttitle=\"smartPM.solutions\"\n\t\t\t\t\taria-label=\"smartPM.solutions\"\n\t\t\t><\/iframe>\n\t\t<\/div>\n\t\t\t\t\t\t<\/div>\n\t\t\t\t\t<\/div>\n\t\t<\/div>\n\t\t\t\t\t<\/div>\n\t\t<\/section>\n\t\t\t\t<\/div>\n\t\t","protected":false},"excerpt":{"rendered":"<p>Kontaktieren Sie uns gerne Sie interessieren sich konkret f\u00fcr eine unserer Controlling-L\u00f6sungen und\u00a0 m\u00f6chten dazu gerne ein Fachgespr\u00e4ch f\u00fchren? Dann klicken Sie hier &gt;&gt; Sie sind bereits Kunde und ben\u00f6tigen Support? Dann klicken Sie hier &gt;&gt; In allen anderen F\u00e4llen freuen wir uns auf Ihre Nachricht \u00fcber unser Kontaktformular. Wir melden uns umgehend bei Ihnen [&hellip;]<\/p>\n","protected":false},"author":2,"featured_media":0,"parent":0,"menu_order":0,"comment_status":"closed","ping_status":"closed","template":"","meta":{"content-type":"","site-sidebar-layout":"no-sidebar","site-content-layout":"page-builder","ast-site-content-layout":"default","site-content-style":"default","site-sidebar-style":"default","ast-global-header-display":"","ast-banner-title-visibility":"","ast-main-header-display":"","ast-hfb-above-header-display":"","ast-hfb-below-header-display":"","ast-hfb-mobile-header-display":"","site-post-title":"disabled","ast-breadcrumbs-content":"","ast-featured-img":"disabled","footer-sml-layout":"","ast-disable-related-posts":"","theme-transparent-header-meta":"default","adv-header-id-meta":"","stick-header-meta":"","header-above-stick-meta":"","header-main-stick-meta":"","header-below-stick-meta":"","astra-migrate-meta-layouts":"default","ast-page-background-enabled":"default","ast-page-background-meta":{"desktop":{"background-color":"","background-image":"","background-repeat":"repeat","background-position":"center center","background-size":"auto","background-attachment":"scroll","background-type":"","background-media":"","overlay-type":"","overlay-color":"","overlay-opacity":"","overlay-gradient":""},"tablet":{"background-color":"","background-image":"","background-repeat":"repeat","background-position":"center center","background-size":"auto","background-attachment":"scroll","background-type":"","background-media":"","overlay-type":"","overlay-color":"","overlay-opacity":"","overlay-gradient":""},"mobile":{"background-color":"","background-image":"","background-repeat":"repeat","background-position":"center center","background-size":"auto","background-attachment":"scroll","background-type":"","background-media":"","overlay-type":"","overlay-color":"","overlay-opacity":"","overlay-gradient":""}},"ast-content-background-meta":{"desktop":{"background-color":"var(--ast-global-color-5)","background-image":"","background-repeat":"repeat","background-position":"center center","background-size":"auto","background-attachment":"scroll","background-type":"","background-media":"","overlay-type":"","overlay-color":"","overlay-opacity":"","overlay-gradient":""},"tablet":{"background-color":"var(--ast-global-color-5)","background-image":"","background-repeat":"repeat","background-position":"center center","background-size":"auto","background-attachment":"scroll","background-type":"","background-media":"","overlay-type":"","overlay-color":"","overlay-opacity":"","overlay-gradient":""},"mobile":{"background-color":"var(--ast-global-color-5)","background-image":"","background-repeat":"repeat","background-position":"center center","background-size":"auto","background-attachment":"scroll","background-type":"","background-media":"","overlay-type":"","overlay-color":"","overlay-opacity":"","overlay-gradient":""}},"footnotes":""},"class_list":["post-23043","page","type-page","status-publish","hentry"],"_links":{"self":[{"href":"https:\/\/smartpm.solutions\/de\/wp-json\/wp\/v2\/pages\/23043","targetHints":{"allow":["GET"]}}],"collection":[{"href":"https:\/\/smartpm.solutions\/de\/wp-json\/wp\/v2\/pages"}],"about":[{"href":"https:\/\/smartpm.solutions\/de\/wp-json\/wp\/v2\/types\/page"}],"author":[{"embeddable":true,"href":"https:\/\/smartpm.solutions\/de\/wp-json\/wp\/v2\/users\/2"}],"replies":[{"embeddable":true,"href":"https:\/\/smartpm.solutions\/de\/wp-json\/wp\/v2\/comments?post=23043"}],"version-history":[{"count":39,"href":"https:\/\/smartpm.solutions\/de\/wp-json\/wp\/v2\/pages\/23043\/revisions"}],"predecessor-version":[{"id":48757,"href":"https:\/\/smartpm.solutions\/de\/wp-json\/wp\/v2\/pages\/23043\/revisions\/48757"}],"wp:attachment":[{"href":"https:\/\/smartpm.solutions\/de\/wp-json\/wp\/v2\/media?parent=23043"}],"curies":[{"name":"wp","href":"https:\/\/api.w.org\/{rel}","templated":true}]}}