{"id":23106,"date":"2022-04-04T18:22:43","date_gmt":"2022-04-04T16:22:43","guid":{"rendered":"https:\/\/websitetest.smartpm.solutions\/home\/ueber-uns\/newsletter\/"},"modified":"2026-02-19T11:44:31","modified_gmt":"2026-02-19T10:44:31","slug":"newsletter","status":"publish","type":"page","link":"https:\/\/smartpm.solutions\/de\/newsletter\/","title":{"rendered":"smart Newsletter"},"content":{"rendered":"\t\t<div data-elementor-type=\"wp-post\" data-elementor-id=\"23106\" class=\"elementor elementor-23106 elementor-17633\" data-elementor-post-type=\"page\">\n\t\t\t\t\t\t<section class=\"elementor-section elementor-top-section elementor-element elementor-element-39b81090 elementor-section-boxed elementor-section-height-default elementor-section-height-default\" data-id=\"39b81090\" data-element_type=\"section\" data-e-type=\"section\">\n\t\t\t\t\t\t<div class=\"elementor-container elementor-column-gap-default\">\n\t\t\t\t\t<div class=\"elementor-column elementor-col-100 elementor-top-column elementor-element elementor-element-4cc3847a\" data-id=\"4cc3847a\" data-element_type=\"column\" data-e-type=\"column\">\n\t\t\t<div class=\"elementor-widget-wrap elementor-element-populated\">\n\t\t\t\t\t\t<div class=\"elementor-element elementor-element-14aa56d2 elementor-widget__width-initial elementor-widget elementor-widget-heading\" data-id=\"14aa56d2\" data-element_type=\"widget\" data-e-type=\"widget\" data-widget_type=\"heading.default\">\n\t\t\t\t\t<h1 class=\"elementor-heading-title elementor-size-default\">Neuigkeiten von Controllern f\u00fcr Controller<\/h1>\t\t\t\t<\/div>\n\t\t\t\t<div class=\"elementor-element elementor-element-61eabf7 elementor-widget elementor-widget-heading\" data-id=\"61eabf7\" data-element_type=\"widget\" data-e-type=\"widget\" data-widget_type=\"heading.default\">\n\t\t\t\t\t<h2 class=\"elementor-heading-title elementor-size-default\">F\u00fcr den smartpm Newsletter anmelden<\/h2>\t\t\t\t<\/div>\n\t\t\t\t\t<\/div>\n\t\t<\/div>\n\t\t\t\t\t<\/div>\n\t\t<\/section>\n\t\t\t\t<section class=\"elementor-section elementor-top-section elementor-element elementor-element-382f3d42 elementor-section-boxed elementor-section-height-default elementor-section-height-default\" data-id=\"382f3d42\" data-element_type=\"section\" data-e-type=\"section\" data-settings=\"{&quot;background_background&quot;:&quot;classic&quot;}\">\n\t\t\t\t\t\t<div class=\"elementor-container elementor-column-gap-default\">\n\t\t\t\t\t<div class=\"elementor-column elementor-col-100 elementor-top-column elementor-element elementor-element-76fa1ec6\" data-id=\"76fa1ec6\" data-element_type=\"column\" data-e-type=\"column\">\n\t\t\t<div class=\"elementor-widget-wrap elementor-element-populated\">\n\t\t\t\t\t\t<div class=\"elementor-element elementor-element-61ddcc70 elementor-widget elementor-widget-menu-anchor\" data-id=\"61ddcc70\" data-element_type=\"widget\" data-e-type=\"widget\" data-widget_type=\"menu-anchor.default\">\n\t\t\t\t\t\t\t<div class=\"elementor-menu-anchor\" id=\"newsletter\"><\/div>\n\t\t\t\t\t\t<\/div>\n\t\t\t\t<div class=\"elementor-element elementor-element-5023cd2a elementor-widget elementor-widget-heading\" data-id=\"5023cd2a\" data-element_type=\"widget\" data-e-type=\"widget\" data-widget_type=\"heading.default\">\n\t\t\t\t\t<h2 class=\"elementor-heading-title elementor-size-default\">Die aktuellsten Themen im Newsletter erfahren <\/h2>\t\t\t\t<\/div>\n\t\t\t\t\t<\/div>\n\t\t<\/div>\n\t\t\t\t\t<\/div>\n\t\t<\/section>\n\t\t\t\t<section class=\"elementor-section elementor-top-section elementor-element elementor-element-2b8770b elementor-section-boxed elementor-section-height-default elementor-section-height-default\" data-id=\"2b8770b\" data-element_type=\"section\" data-e-type=\"section\" data-settings=\"{&quot;background_background&quot;:&quot;classic&quot;}\">\n\t\t\t\t\t\t<div class=\"elementor-container elementor-column-gap-default\">\n\t\t\t\t\t<div class=\"elementor-column elementor-col-50 elementor-top-column elementor-element elementor-element-2277bba6\" data-id=\"2277bba6\" data-element_type=\"column\" data-e-type=\"column\" data-settings=\"{&quot;background_background&quot;:&quot;classic&quot;}\">\n\t\t\t<div class=\"elementor-widget-wrap elementor-element-populated\">\n\t\t\t\t\t\t<div class=\"elementor-element elementor-element-da3d6d4 elementor-widget elementor-widget-text-editor\" data-id=\"da3d6d4\" data-element_type=\"widget\" data-e-type=\"widget\" data-widget_type=\"text-editor.default\">\n\t\t\t\t\t\t\t\t\t<p>Wissenstransfer von Controllern f\u00fcr Controller:<\/p><ul><li>Erfahren Sie mehr \u00fcber die Umsetzung der digitalen Transformation im Controlling und der Unternehmensf\u00fchrung<\/li><li>Sehen Sie Praxisanwendungen und informieren Sie sich \u00fcber die neuesten Technologieentwicklungen<\/li><li>Profitieren Sie von Controlling-Experten und deren Tipps &amp; Tricks<\/li><\/ul><p>F\u00fcllen Sie das Formular aus und erhalten Sie den smarten Newsletter im 2-Monats Rythmus.<\/p><p>Wenn Sie noch Fragen haben, melden Sie sich gerne per mail unter: <a href=\"mailto:info@smartpm.solutions\"><strong>info@smartpm.solutions<\/strong><\/a><\/p>\t\t\t\t\t\t\t\t<\/div>\n\t\t\t\t\t<\/div>\n\t\t<\/div>\n\t\t\t\t<div class=\"elementor-column elementor-col-50 elementor-top-column elementor-element elementor-element-4cd72de8\" data-id=\"4cd72de8\" data-element_type=\"column\" data-e-type=\"column\" data-settings=\"{&quot;background_background&quot;:&quot;classic&quot;}\">\n\t\t\t<div class=\"elementor-widget-wrap elementor-element-populated\">\n\t\t\t\t\t\t<div class=\"elementor-element elementor-element-8846843 elementor-widget elementor-widget-spacer\" data-id=\"8846843\" data-element_type=\"widget\" data-e-type=\"widget\" data-widget_type=\"spacer.default\">\n\t\t\t\t\t\t\t<div class=\"elementor-spacer\">\n\t\t\t<div class=\"elementor-spacer-inner\"><\/div>\n\t\t<\/div>\n\t\t\t\t\t\t<\/div>\n\t\t\t\t<div class=\"elementor-element elementor-element-71f9aaec elementor-widget elementor-widget-image\" data-id=\"71f9aaec\" data-element_type=\"widget\" data-e-type=\"widget\" data-widget_type=\"image.default\">\n\t\t\t\t\t\t\t\t\t\t\t\t\t\t\t<img fetchpriority=\"high\" decoding=\"async\" width=\"1920\" height=\"1080\" src=\"https:\/\/smartpm.solutions\/wp-content\/uploads\/Smartofant-Blog-Post-2_002.jpg\" class=\"attachment-full size-full wp-image-47381\" alt=\"Smartofant KI Assistent\nArtificial Intelligence Agent\" srcset=\"https:\/\/smartpm.solutions\/wp-content\/uploads\/Smartofant-Blog-Post-2_002.jpg 1920w, https:\/\/smartpm.solutions\/wp-content\/uploads\/Smartofant-Blog-Post-2_002-300x169.jpg 300w, https:\/\/smartpm.solutions\/wp-content\/uploads\/Smartofant-Blog-Post-2_002-1024x576.jpg 1024w, https:\/\/smartpm.solutions\/wp-content\/uploads\/Smartofant-Blog-Post-2_002-768x432.jpg 768w, https:\/\/smartpm.solutions\/wp-content\/uploads\/Smartofant-Blog-Post-2_002-1536x864.jpg 1536w\" sizes=\"(max-width: 1920px) 100vw, 1920px\" \/>\t\t\t\t\t\t\t\t\t\t\t\t\t\t\t<\/div>\n\t\t\t\t\t<\/div>\n\t\t<\/div>\n\t\t\t\t\t<\/div>\n\t\t<\/section>\n\t\t\t\t<section class=\"elementor-section elementor-top-section elementor-element elementor-element-4de7b48d elementor-section-boxed elementor-section-height-default elementor-section-height-default\" data-id=\"4de7b48d\" data-element_type=\"section\" data-e-type=\"section\">\n\t\t\t\t\t\t<div class=\"elementor-container elementor-column-gap-default\">\n\t\t\t\t\t<div class=\"elementor-column elementor-col-100 elementor-top-column elementor-element elementor-element-7cab7116\" data-id=\"7cab7116\" data-element_type=\"column\" data-e-type=\"column\">\n\t\t\t<div class=\"elementor-widget-wrap elementor-element-populated\">\n\t\t\t\t\t\t<div class=\"elementor-element elementor-element-5033c4f3 elementor-widget elementor-widget-html\" data-id=\"5033c4f3\" data-element_type=\"widget\" data-e-type=\"widget\" data-widget_type=\"html.default\">\n\t\t\t\t\t<iframe \n\u202f id=\"hsFormFrame\" \n\u202f src=\"https:\/\/page.smartpm.solutions\/newsletter-formular-lp-de\" \n\u202f style=\"width:100%; border:0; display:block; overflow:hidden;\" \n\u202f scrolling=\"no\" \n\u202f frameborder=\"0\" \n\u202f allowtransparency=\"true\" \n\u202f loading=\"lazy\"> \n<\/iframe> \n\n<script> \n(function () { \n\u202f const iframe = document.getElementById('hsFormFrame'); \n\u202f const allowedOrigin = (() => { try { return new URL(iframe.src).origin; } catch (e) { return '*'; } })(); \n\n\u202f iframe.style.transition = 'height 120ms ease'; \n\n\u202f function onMessage(e) { \n\u202f\u202f\u202f if (allowedOrigin !== '*' && e.origin !== allowedOrigin) return; \n\u202f\u202f\u202f let data = e.data; \n\u202f\u202f\u202f if (typeof data === 'string') { try { data = JSON.parse(data); } catch (_) {} } \n\n\u202f\u202f\u202f \/\/ Auto-Height \n\u202f\u202f\u202f if (data && (data.type === 'hs-size' || data.height)) { \n\u202f\u202f\u202f\u202f\u202f const h = Number(data.height || data.value); \n\u202f\u202f\u202f\u202f\u202f if (Number.isFinite(h) && h > 0 && h < 20000) iframe.style.height = h + 'px'; \n\u202f\u202f\u202f } \n\n\u202f\u202f\u202f \/\/ Top-Level-Redirect (pr\u00e4feriert, falls Kindseite meldet) \n\u202f\u202f\u202f if (data && data.type === 'hs-redirect' && data.url) { \n\u202f\u202f\u202f\u202f\u202f try { window.location.href = data.url; } catch { window.location.assign(data.url); } \n\u202f\u202f\u202f } \n\u202f } \n\n\u202f function pingChild() { \n\u202f\u202f\u202f try { \n\u202f\u202f\u202f\u202f\u202f if (iframe.contentWindow) { \n\u202f\u202f\u202f\u202f\u202f\u202f\u202f iframe.contentWindow.postMessage({ type: 'hs-ping' }, allowedOrigin === '*' ? '*' : allowedOrigin); \n\u202f\u202f\u202f\u202f\u202f } \n\u202f\u202f\u202f } catch (_) {} \n\u202f } \n\n\u202f window.addEventListener('message', onMessage, false); \n\u202f iframe.addEventListener('load', () => { \n\u202f\u202f\u202f pingChild(); \n\u202f\u202f\u202f setTimeout(pingChild, 150); \n\u202f\u202f\u202f setTimeout(pingChild, 600); \n\u202f\u202f\u202f setTimeout(pingChild, 1200); \n\u202f\u202f\u202f setTimeout(pingChild, 2000); \n\u202f }); \n})(); \n<\/script>\u202f \t\t\t\t<\/div>\n\t\t\t\t\t<\/div>\n\t\t<\/div>\n\t\t\t\t\t<\/div>\n\t\t<\/section>\n\t\t\t\t<section class=\"elementor-section elementor-top-section elementor-element elementor-element-070523d elementor-section-boxed elementor-section-height-default elementor-section-height-default\" data-id=\"070523d\" data-element_type=\"section\" data-e-type=\"section\">\n\t\t\t\t\t\t<div class=\"elementor-container elementor-column-gap-default\">\n\t\t\t\t\t<div class=\"elementor-column elementor-col-100 elementor-top-column elementor-element elementor-element-4f02b51\" data-id=\"4f02b51\" data-element_type=\"column\" data-e-type=\"column\">\n\t\t\t<div class=\"elementor-widget-wrap elementor-element-populated\">\n\t\t\t\t\t\t<div class=\"elementor-element elementor-element-4078bc6 elementor-widget elementor-widget-spacer\" data-id=\"4078bc6\" data-element_type=\"widget\" data-e-type=\"widget\" data-widget_type=\"spacer.default\">\n\t\t\t\t\t\t\t<div class=\"elementor-spacer\">\n\t\t\t<div class=\"elementor-spacer-inner\"><\/div>\n\t\t<\/div>\n\t\t\t\t\t\t<\/div>\n\t\t\t\t\t<\/div>\n\t\t<\/div>\n\t\t\t\t\t<\/div>\n\t\t<\/section>\n\t\t\t\t<\/div>\n\t\t","protected":false},"excerpt":{"rendered":"<p>Neuigkeiten von Controllern f\u00fcr Controller F\u00fcr den smartpm Newsletter anmelden Die aktuellsten Themen im Newsletter erfahren Wissenstransfer von Controllern f\u00fcr Controller: Erfahren Sie mehr \u00fcber die Umsetzung der digitalen Transformation im Controlling und der Unternehmensf\u00fchrung Sehen Sie Praxisanwendungen und informieren Sie sich \u00fcber die neuesten Technologieentwicklungen Profitieren Sie von Controlling-Experten und deren Tipps &amp; Tricks [&hellip;]<\/p>\n","protected":false},"author":2,"featured_media":22413,"parent":0,"menu_order":0,"comment_status":"closed","ping_status":"closed","template":"","meta":{"content-type":"","site-sidebar-layout":"no-sidebar","site-content-layout":"page-builder","ast-site-content-layout":"default","site-content-style":"default","site-sidebar-style":"default","ast-global-header-display":"","ast-banner-title-visibility":"","ast-main-header-display":"","ast-hfb-above-header-display":"","ast-hfb-below-header-display":"","ast-hfb-mobile-header-display":"","site-post-title":"disabled","ast-breadcrumbs-content":"","ast-featured-img":"disabled","footer-sml-layout":"","ast-disable-related-posts":"","theme-transparent-header-meta":"default","adv-header-id-meta":"","stick-header-meta":"","header-above-stick-meta":"","header-main-stick-meta":"","header-below-stick-meta":"","astra-migrate-meta-layouts":"default","ast-page-background-enabled":"default","ast-page-background-meta":{"desktop":{"background-color":"","background-image":"","background-repeat":"repeat","background-position":"center center","background-size":"auto","background-attachment":"scroll","background-type":"","background-media":"","overlay-type":"","overlay-color":"","overlay-opacity":"","overlay-gradient":""},"tablet":{"background-color":"","background-image":"","background-repeat":"repeat","background-position":"center center","background-size":"auto","background-attachment":"scroll","background-type":"","background-media":"","overlay-type":"","overlay-color":"","overlay-opacity":"","overlay-gradient":""},"mobile":{"background-color":"","background-image":"","background-repeat":"repeat","background-position":"center center","background-size":"auto","background-attachment":"scroll","background-type":"","background-media":"","overlay-type":"","overlay-color":"","overlay-opacity":"","overlay-gradient":""}},"ast-content-background-meta":{"desktop":{"background-color":"var(--ast-global-color-5)","background-image":"","background-repeat":"repeat","background-position":"center center","background-size":"auto","background-attachment":"scroll","background-type":"","background-media":"","overlay-type":"","overlay-color":"","overlay-opacity":"","overlay-gradient":""},"tablet":{"background-color":"var(--ast-global-color-5)","background-image":"","background-repeat":"repeat","background-position":"center center","background-size":"auto","background-attachment":"scroll","background-type":"","background-media":"","overlay-type":"","overlay-color":"","overlay-opacity":"","overlay-gradient":""},"mobile":{"background-color":"var(--ast-global-color-5)","background-image":"","background-repeat":"repeat","background-position":"center center","background-size":"auto","background-attachment":"scroll","background-type":"","background-media":"","overlay-type":"","overlay-color":"","overlay-opacity":"","overlay-gradient":""}},"footnotes":""},"class_list":["post-23106","page","type-page","status-publish","has-post-thumbnail","hentry"],"_links":{"self":[{"href":"https:\/\/smartpm.solutions\/de\/wp-json\/wp\/v2\/pages\/23106","targetHints":{"allow":["GET"]}}],"collection":[{"href":"https:\/\/smartpm.solutions\/de\/wp-json\/wp\/v2\/pages"}],"about":[{"href":"https:\/\/smartpm.solutions\/de\/wp-json\/wp\/v2\/types\/page"}],"author":[{"embeddable":true,"href":"https:\/\/smartpm.solutions\/de\/wp-json\/wp\/v2\/users\/2"}],"replies":[{"embeddable":true,"href":"https:\/\/smartpm.solutions\/de\/wp-json\/wp\/v2\/comments?post=23106"}],"version-history":[{"count":12,"href":"https:\/\/smartpm.solutions\/de\/wp-json\/wp\/v2\/pages\/23106\/revisions"}],"predecessor-version":[{"id":48871,"href":"https:\/\/smartpm.solutions\/de\/wp-json\/wp\/v2\/pages\/23106\/revisions\/48871"}],"wp:featuredmedia":[{"embeddable":true,"href":"https:\/\/smartpm.solutions\/de\/wp-json\/wp\/v2\/media\/22413"}],"wp:attachment":[{"href":"https:\/\/smartpm.solutions\/de\/wp-json\/wp\/v2\/media?parent=23106"}],"curies":[{"name":"wp","href":"https:\/\/api.w.org\/{rel}","templated":true}]}}