{"id":23136,"date":"2018-11-16T16:49:00","date_gmt":"2018-11-16T15:49:00","guid":{"rendered":"https:\/\/websitetest.smartpm.solutions\/home\/ueber-uns\/impressum\/"},"modified":"2025-09-01T11:11:30","modified_gmt":"2025-09-01T09:11:30","slug":"impressum","status":"publish","type":"page","link":"https:\/\/smartpm.solutions\/de\/impressum\/","title":{"rendered":"Impressum"},"content":{"rendered":"\t\t<div data-elementor-type=\"wp-post\" data-elementor-id=\"23136\" class=\"elementor elementor-23136 elementor-207\" data-elementor-post-type=\"page\">\n\t\t\t\t\t\t<section class=\"elementor-section elementor-top-section elementor-element elementor-element-641f72c elementor-section-boxed elementor-section-height-default elementor-section-height-default\" data-id=\"641f72c\" data-element_type=\"section\" data-e-type=\"section\">\n\t\t\t\t\t\t<div class=\"elementor-container elementor-column-gap-default\">\n\t\t\t\t\t<div class=\"elementor-column elementor-col-100 elementor-top-column elementor-element elementor-element-38d1fb38\" data-id=\"38d1fb38\" data-element_type=\"column\" data-e-type=\"column\">\n\t\t\t<div class=\"elementor-widget-wrap elementor-element-populated\">\n\t\t\t\t\t\t<div class=\"elementor-element elementor-element-47ef2623 elementor-widget elementor-widget-heading\" data-id=\"47ef2623\" data-element_type=\"widget\" data-e-type=\"widget\" data-widget_type=\"heading.default\">\n\t\t\t\t\t<h2 class=\"elementor-heading-title elementor-size-default\">Impressum<\/h2>\t\t\t\t<\/div>\n\t\t\t\t\t<\/div>\n\t\t<\/div>\n\t\t\t\t\t<\/div>\n\t\t<\/section>\n\t\t\t\t<section class=\"elementor-section elementor-top-section elementor-element elementor-element-16a3a3fb elementor-section-boxed elementor-section-height-default elementor-section-height-default\" data-id=\"16a3a3fb\" data-element_type=\"section\" data-e-type=\"section\">\n\t\t\t\t\t\t<div class=\"elementor-container elementor-column-gap-default\">\n\t\t\t\t\t<div class=\"elementor-column elementor-col-100 elementor-top-column elementor-element elementor-element-25026209\" data-id=\"25026209\" data-element_type=\"column\" data-e-type=\"column\">\n\t\t\t<div class=\"elementor-widget-wrap elementor-element-populated\">\n\t\t\t\t\t\t<div class=\"elementor-element elementor-element-3733486b elementor-widget__width-initial elementor-widget elementor-widget-text-editor\" data-id=\"3733486b\" data-element_type=\"widget\" data-e-type=\"widget\" data-widget_type=\"text-editor.default\">\n\t\t\t\t\t\t\t\t\t<p><b><span data-contrast=\"auto\">Informationen und Offenlegung gem\u00e4\u00df \u00a75 (1) ECG, \u00a7 25 MedienG, \u00a7 63 GewO und \u00a7 14 UGB<\/span><\/b><span data-ccp-props=\"{}\">&nbsp;<\/span><\/p>\n<p><b><span data-contrast=\"auto\">Webseitenbetreiber:<\/span><\/b><span data-contrast=\"auto\">\u202fsmartPM.solutions GmbH<\/span><span data-ccp-props=\"{&quot;335559739&quot;:0}\">&nbsp;<br><\/span><b style=\"font-style: inherit;\"><span data-contrast=\"auto\">UID-Nr: <\/span><\/b><span data-contrast=\"auto\" style=\"font-style: inherit; font-weight: inherit;\">\u202fATU73261034<\/span><span style=\"font-style: inherit;\"><span style=\"font-weight: inherit;\">&nbsp;<\/span><br><\/span><b style=\"font-style: inherit;\"><span data-contrast=\"auto\">Firmenbuchnummer:<\/span><\/b><span data-contrast=\"auto\" style=\"font-style: inherit; font-weight: inherit;\">\u202f490839y<\/span><span style=\"font-style: inherit;\"><span style=\"font-weight: inherit;\">&nbsp;<\/span><br><\/span><b style=\"font-style: inherit;\"><span data-contrast=\"auto\">Firmenbuchgericht:\u202f<\/span><\/b><span data-contrast=\"auto\" style=\"font-style: inherit; font-weight: inherit;\">Landesgericht Wiener Neustadt<\/span><span data-ccp-props=\"{}\" style=\"font-style: inherit;\"><span style=\"font-weight: inherit;\">&nbsp;<\/span><\/span><\/p>\n<p><b style=\"font-style: inherit;\"><span data-contrast=\"auto\">Firmensitz: <\/span><\/b><span data-contrast=\"none\" style=\"font-style: inherit; font-weight: inherit;\">Baden bei Wien<\/span><span data-ccp-props=\"{&quot;335559739&quot;:0}\" style=\"font-style: inherit;\"><span style=\"font-weight: inherit;\">&nbsp;<\/span><br><\/span><b style=\"font-style: inherit;\"><span data-contrast=\"auto\">Hauptniederlassung: <\/span><\/b><span data-contrast=\"auto\" style=\"font-style: inherit; font-weight: inherit;\">Bergsteiggasse 56-58, 2500 Baden<\/span><span data-ccp-props=\"{&quot;335559739&quot;:0}\" style=\"font-style: inherit;\"><span style=\"font-weight: inherit;\">&nbsp;<\/span><br><\/span><b style=\"font-style: inherit;\"><span data-contrast=\"auto\">Zweigniederlassung:<\/span><\/b><span data-contrast=\"auto\" style=\"font-style: inherit; font-weight: inherit;\">\u202fSeidengasse 9\/2.3, 1070 Wien<\/span><span data-ccp-props=\"{&quot;134233118&quot;:false,&quot;335559739&quot;:0}\" style=\"font-style: inherit; font-weight: inherit;\">&nbsp;<\/span><\/p>\n<p><b><span data-contrast=\"auto\">Niederlassung Deutschland:<\/span><\/b><span data-contrast=\"auto\">&nbsp;<\/span><span data-ccp-props=\"{&quot;134233118&quot;:false,&quot;335559739&quot;:0}\">&nbsp;<br><\/span><span data-contrast=\"none\" style=\"font-style: inherit; font-weight: inherit;\">smartPM.solutions\u202fGmbH<\/span><span data-ccp-props=\"{&quot;134233118&quot;:false,&quot;335559739&quot;:0}\" style=\"font-style: inherit; font-weight: inherit;\">&nbsp;<br><\/span><span data-contrast=\"none\" style=\"font-style: inherit; font-weight: inherit;\">Adresse DE: In\u202fden\u202fObstg\u00e4rten\u202f12, <\/span><span data-contrast=\"none\" style=\"font-style: inherit; font-weight: inherit;\">D-66687 Wadern-Noswendel<\/span><span data-ccp-props=\"{&quot;134233118&quot;:false,&quot;201341983&quot;:0,&quot;335559739&quot;:0,&quot;335559740&quot;:240}\" style=\"font-style: inherit; font-weight: inherit;\">&nbsp;<br><\/span><span data-contrast=\"none\" style=\"font-style: inherit; font-weight: inherit;\">Firmenbuch DE: HRB 110569<\/span><span data-ccp-props=\"{&quot;134233118&quot;:false,&quot;201341983&quot;:0,&quot;335559739&quot;:0,&quot;335559740&quot;:240}\" style=\"font-style: inherit; font-weight: inherit;\">&nbsp;<br><\/span><span data-contrast=\"none\" style=\"font-style: inherit; font-weight: inherit;\">Betriebsnummer DE Bundesagentur f\u00fcr Arbeit: 518180226531001<\/span><span data-ccp-props=\"{&quot;201341983&quot;:0,&quot;335559739&quot;:0,&quot;335559740&quot;:240}\" style=\"font-style: inherit; font-weight: inherit;\">&nbsp;<br><\/span><span data-contrast=\"none\" style=\"font-style: inherit; font-weight: inherit;\">Steuernummer DE: 040\/118\/04093<\/span><span data-ccp-props=\"{&quot;201341983&quot;:0,&quot;335559739&quot;:0,&quot;335559740&quot;:240}\" style=\"font-style: inherit; font-weight: inherit;\">&nbsp;<br><\/span><span data-contrast=\"none\" style=\"font-style: inherit; font-weight: inherit;\">UID: DE319690885<\/span><span data-ccp-props=\"{&quot;201341983&quot;:0,&quot;335559739&quot;:0,&quot;335559740&quot;:240}\" style=\"font-style: inherit; font-weight: inherit;\">&nbsp;<\/span><\/p>\n<p><b><span data-contrast=\"auto\">Kontaktdaten:<\/span><\/b>&nbsp;<br><span data-contrast=\"auto\">Telefon: +4313580070<\/span>&nbsp;<br><span data-contrast=\"auto\">Email: <\/span><a href=\"mailto:info@smartpm.solutions\"><span data-contrast=\"none\">info@smartpm.solutions<\/span><\/a><span data-ccp-props=\"{}\">&nbsp;<\/span><\/p>\n<p><b><span data-contrast=\"auto\">Chief Executive Officer (Gesch\u00e4ftsf\u00fchrer): <\/span><\/b><span data-contrast=\"auto\">Alexander Hein<\/span><span data-ccp-props=\"{}\">&nbsp;<\/span><\/p>\n<p><span data-contrast=\"auto\">GISA-Zahl: 30692770<\/span><span data-ccp-props=\"{}\">&nbsp;<\/span><\/p>\n<p><b><span data-contrast=\"auto\">Gewerbeaufsichtbeh\u00f6rde:<\/span><\/b><span data-contrast=\"auto\">\u202fBH Baden<\/span><span data-ccp-props=\"{&quot;335559739&quot;:0}\">&nbsp;<br><\/span><b style=\"font-style: inherit;\"><span data-contrast=\"auto\">Verleihungsstaat: <\/span><\/b><span data-contrast=\"auto\" style=\"font-style: inherit; font-weight: inherit;\">\u00d6sterreich<\/span><span style=\"font-style: inherit;\"><span style=\"font-weight: inherit;\">&nbsp;<\/span><br><\/span><b style=\"font-style: inherit;\"><span data-contrast=\"auto\">Gewerbebezeichnung:<\/span><\/b><span data-contrast=\"auto\" style=\"font-style: inherit; font-weight: inherit;\"> Dienstleistungen in der automatischen Datenverarbeitung und Informationstechnik<\/span><span style=\"font-style: inherit;\"><span style=\"font-weight: inherit;\">&nbsp;<\/span><br><\/span><b style=\"font-style: inherit;\"><span data-contrast=\"auto\">Mitgliedschaften bei der Wirtschaftskammerorganisation:<\/span><\/b><span data-contrast=\"auto\" style=\"font-style: inherit; font-weight: inherit;\"> Wirtschaftskammer \u00d6sterreich (WKO), Fachverband Unternehmensberatung, Buchhaltung und Informationstechnologie (UBIT)<\/span><span data-ccp-props=\"{&quot;335559739&quot;:0}\" style=\"font-style: inherit;\"><span style=\"font-weight: inherit;\">&nbsp;<\/span><br><\/span><b style=\"font-style: inherit;\"><span data-contrast=\"auto\">Anwendbare gewerberechtliche Vorschriften:<\/span><\/b><span data-contrast=\"auto\" style=\"font-style: inherit; font-weight: inherit;\"> Gewerbeordnung (abrufbar unter <\/span><a href=\"https:\/\/www.ris.bka.gv.at\/\" style=\"font-style: inherit; font-weight: inherit; background-color: rgb(255, 255, 255);\"><span data-contrast=\"none\">www.ris.bka.gv.at<\/span><\/a><span data-contrast=\"auto\" style=\"font-style: inherit; font-weight: inherit;\">)<\/span><span data-ccp-props=\"{}\" style=\"font-style: inherit; font-weight: inherit;\">&nbsp;<\/span><\/p>\n<p><b><span data-contrast=\"auto\">Unternehmensgegenstand:<\/span><\/b><span data-contrast=\"auto\">&nbsp;<\/span><span data-ccp-props=\"{&quot;335559739&quot;:0}\">&nbsp;<br><\/span><span data-contrast=\"auto\" style=\"font-style: inherit; font-weight: inherit;\">1.) der Handel mit Waren aller Art, insbesondere mit Software, Hardware und Datentr\u00e4gern, als Gro\u00df- und als Einzelh\u00e4ndler,<\/span><span data-ccp-props=\"{&quot;335559739&quot;:0}\" style=\"font-style: inherit; font-weight: inherit;\">&nbsp;<br><\/span><span data-contrast=\"auto\" style=\"font-style: inherit; font-weight: inherit;\">2.) die Erbringung von Beratungsleistungen insbesondere im Bereich der Datenverarbeitung,<\/span><span data-ccp-props=\"{&quot;335559739&quot;:0}\" style=\"font-style: inherit; font-weight: inherit;\">&nbsp;<br><\/span><span data-contrast=\"auto\" style=\"font-style: inherit; font-weight: inherit;\">3.) die Beteiligung an und Gesch\u00e4ftsf\u00fchrung von Unternehmen mit gleichem oder \u00e4hnlichem Betriebsgegenstand, ausgenommen Bankgesch\u00e4fte.<\/span><span data-ccp-props=\"{&quot;335559739&quot;:0}\" style=\"font-style: inherit; font-weight: inherit;\">&nbsp;<\/span><span style=\"font-style: inherit; font-weight: inherit;\">&nbsp;<\/span><\/p>\n<p><b><span data-contrast=\"auto\">Urheberrecht:<\/span><\/b><span data-contrast=\"auto\">\u202fDie Inhalte dieser Webseite unterliegen, soweit dies rechtlich m\u00f6glich ist, diversen Schutzrechten (z.B dem Urheberrecht). Jegliche Verwendung\/Verbreitung von bereitgestelltem Material, welche urheberrechtlich untersagt ist, bedarf schriftlicher Zustimmung des Webseitenbetreibers.<\/span><span data-ccp-props=\"{}\">&nbsp;<\/span><\/p>\n<p><b><span data-contrast=\"auto\">Haftungsausschluss:<\/span><\/b><span data-contrast=\"auto\">\u202fTrotz sorgf\u00e4ltiger inhaltlicher Kontrolle \u00fcbernimmt der Webseitenbetreiber dieser Webseite keine Haftung f\u00fcr die Inhalte externer Links. F\u00fcr den Inhalt der verlinkten Seiten sind ausschlie\u00dflich deren Betreiber verantwortlich. Sollten Sie dennoch auf ausgehende Links aufmerksam werden, welche auf eine Webseite mit rechtswidriger T\u00e4tigkeit\/Information verweisen, ersuchen wir um dementsprechenden Hinweis, um diese nach \u00a7 17 Abs. 2 ECG umgehend zu entfernen.<\/span>&nbsp;<br><span data-contrast=\"auto\">Die Urheberrechte Dritter werden vom Betreiber dieser Webseite mit gr\u00f6\u00dfter Sorgfalt beachtet. Sollten Sie trotzdem auf eine Urheberrechtsverletzung aufmerksam werden, bitten wir um einen entsprechenden Hinweis. Bei Bekanntwerden derartiger Rechtsverletzungen werden wir den betroffenen Inhalt umgehend entfernen.<\/span><span data-ccp-props=\"{}\">&nbsp;<\/span><\/p>\n<p><span data-contrast=\"auto\">Quelle:\u202f<\/span><a href=\"https:\/\/www.fairesrecht.at\/kostenlos-impressum-erstellen-generator.php\"><span data-contrast=\"none\">Impressum Generator \u00d6sterreich<\/span><\/a><span data-ccp-props=\"{}\">&nbsp;<\/span><\/p>\n<p><span data-ccp-props=\"{}\">&nbsp;<\/span><\/p>\t\t\t\t\t\t\t\t<\/div>\n\t\t\t\t\t<\/div>\n\t\t<\/div>\n\t\t\t\t\t<\/div>\n\t\t<\/section>\n\t\t\t\t<section class=\"elementor-section elementor-top-section elementor-element elementor-element-b2f446d elementor-section-boxed elementor-section-height-default elementor-section-height-default\" data-id=\"b2f446d\" data-element_type=\"section\" data-e-type=\"section\">\n\t\t\t\t\t\t<div class=\"elementor-container elementor-column-gap-default\">\n\t\t\t\t\t<div class=\"elementor-column elementor-col-100 elementor-top-column elementor-element elementor-element-5db28d4c\" data-id=\"5db28d4c\" data-element_type=\"column\" data-e-type=\"column\">\n\t\t\t<div class=\"elementor-widget-wrap elementor-element-populated\">\n\t\t\t\t\t\t<div class=\"elementor-element elementor-element-155756fc elementor-widget elementor-widget-spacer\" data-id=\"155756fc\" data-element_type=\"widget\" data-e-type=\"widget\" data-widget_type=\"spacer.default\">\n\t\t\t\t\t\t\t<div class=\"elementor-spacer\">\n\t\t\t<div class=\"elementor-spacer-inner\"><\/div>\n\t\t<\/div>\n\t\t\t\t\t\t<\/div>\n\t\t\t\t\t<\/div>\n\t\t<\/div>\n\t\t\t\t\t<\/div>\n\t\t<\/section>\n\t\t\t\t<\/div>\n\t\t","protected":false},"excerpt":{"rendered":"<p>Impressum Informationen und Offenlegung gem\u00e4\u00df \u00a75 (1) ECG, \u00a7 25 MedienG, \u00a7 63 GewO und \u00a7 14 UGB&nbsp; Webseitenbetreiber:\u202fsmartPM.solutions GmbH&nbsp;UID-Nr: \u202fATU73261034&nbsp;Firmenbuchnummer:\u202f490839y&nbsp;Firmenbuchgericht:\u202fLandesgericht Wiener Neustadt&nbsp; Firmensitz: Baden bei Wien&nbsp;Hauptniederlassung: Bergsteiggasse 56-58, 2500 Baden&nbsp;Zweigniederlassung:\u202fSeidengasse 9\/2.3, 1070 Wien&nbsp; Niederlassung Deutschland:&nbsp;&nbsp;smartPM.solutions\u202fGmbH&nbsp;Adresse DE: In\u202fden\u202fObstg\u00e4rten\u202f12, D-66687 Wadern-Noswendel&nbsp;Firmenbuch DE: HRB 110569&nbsp;Betriebsnummer DE Bundesagentur f\u00fcr Arbeit: 518180226531001&nbsp;Steuernummer DE: 040\/118\/04093&nbsp;UID: DE319690885&nbsp; Kontaktdaten:&nbsp;Telefon: +4313580070&nbsp;Email: info@smartpm.solutions&nbsp; Chief [&hellip;]<\/p>\n","protected":false},"author":2,"featured_media":0,"parent":0,"menu_order":0,"comment_status":"closed","ping_status":"closed","template":"","meta":{"content-type":"","site-sidebar-layout":"no-sidebar","site-content-layout":"page-builder","ast-site-content-layout":"default","site-content-style":"default","site-sidebar-style":"default","ast-global-header-display":"","ast-banner-title-visibility":"","ast-main-header-display":"","ast-hfb-above-header-display":"","ast-hfb-below-header-display":"","ast-hfb-mobile-header-display":"","site-post-title":"","ast-breadcrumbs-content":"","ast-featured-img":"disabled","footer-sml-layout":"","ast-disable-related-posts":"","theme-transparent-header-meta":"default","adv-header-id-meta":"","stick-header-meta":"","header-above-stick-meta":"","header-main-stick-meta":"","header-below-stick-meta":"","astra-migrate-meta-layouts":"default","ast-page-background-enabled":"default","ast-page-background-meta":{"desktop":{"background-color":"","background-image":"","background-repeat":"repeat","background-position":"center center","background-size":"auto","background-attachment":"scroll","background-type":"","background-media":"","overlay-type":"","overlay-color":"","overlay-opacity":"","overlay-gradient":""},"tablet":{"background-color":"","background-image":"","background-repeat":"repeat","background-position":"center center","background-size":"auto","background-attachment":"scroll","background-type":"","background-media":"","overlay-type":"","overlay-color":"","overlay-opacity":"","overlay-gradient":""},"mobile":{"background-color":"","background-image":"","background-repeat":"repeat","background-position":"center center","background-size":"auto","background-attachment":"scroll","background-type":"","background-media":"","overlay-type":"","overlay-color":"","overlay-opacity":"","overlay-gradient":""}},"ast-content-background-meta":{"desktop":{"background-color":"var(--ast-global-color-5)","background-image":"","background-repeat":"repeat","background-position":"center center","background-size":"auto","background-attachment":"scroll","background-type":"","background-media":"","overlay-type":"","overlay-color":"","overlay-opacity":"","overlay-gradient":""},"tablet":{"background-color":"var(--ast-global-color-5)","background-image":"","background-repeat":"repeat","background-position":"center center","background-size":"auto","background-attachment":"scroll","background-type":"","background-media":"","overlay-type":"","overlay-color":"","overlay-opacity":"","overlay-gradient":""},"mobile":{"background-color":"var(--ast-global-color-5)","background-image":"","background-repeat":"repeat","background-position":"center center","background-size":"auto","background-attachment":"scroll","background-type":"","background-media":"","overlay-type":"","overlay-color":"","overlay-opacity":"","overlay-gradient":""}},"footnotes":""},"class_list":["post-23136","page","type-page","status-publish","hentry"],"_links":{"self":[{"href":"https:\/\/smartpm.solutions\/de\/wp-json\/wp\/v2\/pages\/23136","targetHints":{"allow":["GET"]}}],"collection":[{"href":"https:\/\/smartpm.solutions\/de\/wp-json\/wp\/v2\/pages"}],"about":[{"href":"https:\/\/smartpm.solutions\/de\/wp-json\/wp\/v2\/types\/page"}],"author":[{"embeddable":true,"href":"https:\/\/smartpm.solutions\/de\/wp-json\/wp\/v2\/users\/2"}],"replies":[{"embeddable":true,"href":"https:\/\/smartpm.solutions\/de\/wp-json\/wp\/v2\/comments?post=23136"}],"version-history":[{"count":7,"href":"https:\/\/smartpm.solutions\/de\/wp-json\/wp\/v2\/pages\/23136\/revisions"}],"predecessor-version":[{"id":45214,"href":"https:\/\/smartpm.solutions\/de\/wp-json\/wp\/v2\/pages\/23136\/revisions\/45214"}],"wp:attachment":[{"href":"https:\/\/smartpm.solutions\/de\/wp-json\/wp\/v2\/media?parent=23136"}],"curies":[{"name":"wp","href":"https:\/\/api.w.org\/{rel}","templated":true}]}}