{"id":25607,"date":"2022-03-15T13:50:54","date_gmt":"2022-03-15T12:50:54","guid":{"rendered":"https:\/\/websitetest.smartpm.solutions\/erfolgsrezepte-controlling\/"},"modified":"2026-01-22T10:21:32","modified_gmt":"2026-01-22T09:21:32","slug":"recipes-for-success-performance-management","status":"publish","type":"page","link":"https:\/\/smartpm.solutions\/de\/recipes-for-success-performance-management\/","title":{"rendered":"Recipes for success Performance Management"},"content":{"rendered":"\t\t<div data-elementor-type=\"wp-page\" data-elementor-id=\"25607\" class=\"elementor elementor-25607\" data-elementor-post-type=\"page\">\n\t\t\t\t\t\t<section class=\"elementor-section elementor-top-section elementor-element elementor-element-45c6dcb elementor-section-boxed elementor-section-height-default elementor-section-height-default\" data-id=\"45c6dcb\" data-element_type=\"section\" data-e-type=\"section\">\n\t\t\t\t\t\t<div class=\"elementor-container elementor-column-gap-default\">\n\t\t\t\t\t<div class=\"elementor-column elementor-col-100 elementor-top-column elementor-element elementor-element-104f6c8\" data-id=\"104f6c8\" data-element_type=\"column\" data-e-type=\"column\">\n\t\t\t<div class=\"elementor-widget-wrap elementor-element-populated\">\n\t\t\t\t\t\t<div class=\"elementor-element elementor-element-1fc0bc3 elementor-widget elementor-widget-heading\" data-id=\"1fc0bc3\" data-element_type=\"widget\" data-e-type=\"widget\" data-widget_type=\"heading.default\">\n\t\t\t\t\t<h1 class=\"elementor-heading-title elementor-size-default\">smarte Erfolgsrezepte von Controllern f\u00fcr Controller<br>in der K\u00fcche und der Unternehmenssteuerung<\/h1>\t\t\t\t<\/div>\n\t\t\t\t\t<\/div>\n\t\t<\/div>\n\t\t\t\t\t<\/div>\n\t\t<\/section>\n\t\t\t\t<section class=\"elementor-section elementor-top-section elementor-element elementor-element-71add69 elementor-section-boxed elementor-section-height-default elementor-section-height-default\" data-id=\"71add69\" data-element_type=\"section\" data-e-type=\"section\">\n\t\t\t\t\t\t<div class=\"elementor-container elementor-column-gap-default\">\n\t\t\t\t\t<div class=\"elementor-column elementor-col-100 elementor-top-column elementor-element elementor-element-da5582e\" data-id=\"da5582e\" data-element_type=\"column\" data-e-type=\"column\">\n\t\t\t<div class=\"elementor-widget-wrap elementor-element-populated\">\n\t\t\t\t\t\t<div class=\"elementor-element elementor-element-e4c28a6 elementor-widget elementor-widget-spacer\" data-id=\"e4c28a6\" data-element_type=\"widget\" data-e-type=\"widget\" data-widget_type=\"spacer.default\">\n\t\t\t\t\t\t\t<div class=\"elementor-spacer\">\n\t\t\t<div class=\"elementor-spacer-inner\"><\/div>\n\t\t<\/div>\n\t\t\t\t\t\t<\/div>\n\t\t\t\t<div class=\"elementor-element elementor-element-163c2bd elementor-widget elementor-widget-text-editor\" data-id=\"163c2bd\" data-element_type=\"widget\" data-e-type=\"widget\" data-widget_type=\"text-editor.default\">\n\t\t\t\t\t\t\t\t\t<p>Nach kurzer Zeit war unsere 1.Auflage der smarten Erfolgsrezepte vergriffen. Deshalb gibt es jetzt eine \u00fcberarbeitete<b> 2. Auflage <\/b>mit bew\u00e4hrten neuen Rezepten. Viel Freude beim Nachkochen w\u00fcnscht das ganze smartpm Team!<\/p>\t\t\t\t\t\t\t\t<\/div>\n\t\t\t\t<div class=\"elementor-element elementor-element-f0f3266 elementor-widget elementor-widget-html\" data-id=\"f0f3266\" data-element_type=\"widget\" data-e-type=\"widget\" data-widget_type=\"html.default\">\n\t\t\t\t\t<iframe src=\"https:\/\/smartpm.solutions\/wp-content\/uploads\/2022\/12\/2.-Auflage-1.pdf\" \r\n        width=\"100%\" \r\n        height=\"1145\" \r\n        style=\"border:1px solid #ccc;\">\r\n<\/iframe>\r\n\t\t\t\t<\/div>\n\t\t\t\t\t<\/div>\n\t\t<\/div>\n\t\t\t\t\t<\/div>\n\t\t<\/section>\n\t\t\t\t<section class=\"elementor-section elementor-top-section elementor-element elementor-element-bbe203b elementor-section-boxed elementor-section-height-default elementor-section-height-default\" data-id=\"bbe203b\" data-element_type=\"section\" data-e-type=\"section\">\n\t\t\t\t\t\t<div class=\"elementor-container elementor-column-gap-default\">\n\t\t\t\t\t<div class=\"elementor-column elementor-col-100 elementor-top-column elementor-element elementor-element-a4b62d5\" data-id=\"a4b62d5\" data-element_type=\"column\" data-e-type=\"column\">\n\t\t\t<div class=\"elementor-widget-wrap elementor-element-populated\">\n\t\t\t\t\t\t<div class=\"elementor-element elementor-element-2925eed elementor-widget elementor-widget-spacer\" data-id=\"2925eed\" data-element_type=\"widget\" data-e-type=\"widget\" data-widget_type=\"spacer.default\">\n\t\t\t\t\t\t\t<div class=\"elementor-spacer\">\n\t\t\t<div class=\"elementor-spacer-inner\"><\/div>\n\t\t<\/div>\n\t\t\t\t\t\t<\/div>\n\t\t\t\t\t<\/div>\n\t\t<\/div>\n\t\t\t\t\t<\/div>\n\t\t<\/section>\n\t\t\t\t<section class=\"elementor-section elementor-top-section elementor-element elementor-element-d2de894 elementor-section-boxed elementor-section-height-default elementor-section-height-default\" data-id=\"d2de894\" data-element_type=\"section\" data-e-type=\"section\">\n\t\t\t\t\t\t<div class=\"elementor-container elementor-column-gap-default\">\n\t\t\t\t\t<div class=\"elementor-column elementor-col-100 elementor-top-column elementor-element elementor-element-5c711cc\" data-id=\"5c711cc\" data-element_type=\"column\" data-e-type=\"column\">\n\t\t\t<div class=\"elementor-widget-wrap elementor-element-populated\">\n\t\t\t\t\t\t<div class=\"elementor-element elementor-element-dff49b5 elementor-widget elementor-widget-text-editor\" data-id=\"dff49b5\" data-element_type=\"widget\" data-e-type=\"widget\" data-widget_type=\"text-editor.default\">\n\t\t\t\t\t\t\t\t\t<p>Das hier ist die <b>Erstauflage der smarten Erfolgsrezepte <\/b>f\u00fcr Genie\u00dfer. Guten Appetit w\u00fcnscht das ganze smartpm Team!\u00a0<\/p>\t\t\t\t\t\t\t\t<\/div>\n\t\t\t\t<div class=\"elementor-element elementor-element-18ffd2d elementor-widget elementor-widget-html\" data-id=\"18ffd2d\" data-element_type=\"widget\" data-e-type=\"widget\" data-widget_type=\"html.default\">\n\t\t\t\t\t1. Auflage\r\n<iframe src=\"https:\/\/smartpm.solutions\/wp-content\/uploads\/2022\/01\/smartPM-Kochbuch.pdf\" \r\n        width=\"100%\" \r\n        height=\"1145\" \r\n        style=\"border:1px solid #ccc;\">\r\n<\/iframe>\t\t\t\t<\/div>\n\t\t\t\t\t<\/div>\n\t\t<\/div>\n\t\t\t\t\t<\/div>\n\t\t<\/section>\n\t\t\t\t<section class=\"elementor-section elementor-top-section elementor-element elementor-element-03d07de elementor-section-boxed elementor-section-height-default elementor-section-height-default\" data-id=\"03d07de\" data-element_type=\"section\" data-e-type=\"section\">\n\t\t\t\t\t\t<div class=\"elementor-container elementor-column-gap-default\">\n\t\t\t\t\t<div class=\"elementor-column elementor-col-100 elementor-top-column elementor-element elementor-element-15cfbcf\" data-id=\"15cfbcf\" data-element_type=\"column\" data-e-type=\"column\">\n\t\t\t<div class=\"elementor-widget-wrap elementor-element-populated\">\n\t\t\t\t\t\t<div class=\"elementor-element elementor-element-e2e4b7e elementor-widget elementor-widget-text-editor\" data-id=\"e2e4b7e\" data-element_type=\"widget\" data-e-type=\"widget\" data-widget_type=\"text-editor.default\">\n\t\t\t\t\t\t\t\t\t<p><strong>Mehr zu unseren smarten Erfolgsrezepten im Bereich Controlling verraten wir Ihnen in einem Expertengespr\u00e4ch. W\u00e4hlen Sie einfach den passenden <a href=\"https:\/\/smartpm.solutions\/de\/home\/consulting\/request-live-demo\/#calendar\" target=\"_blank\" rel=\"noopener\">Termin f\u00fcr einen Fachaustausch in unserem Online-Kalender<\/a>. <\/strong><\/p><p>Sollten Sie die Erfolgsrezepte noch nicht haben, z\u00f6gern Sie nicht uns unter<strong> <a href=\"mailto:info@smartpm.solutions\" target=\"_blank\" rel=\"noopener\">info@smartpm.solutions<\/a><\/strong>\u00a0zu kontaktieren. Wir schicken Ihnen gerne ein Exemplar zu.<\/p>\t\t\t\t\t\t\t\t<\/div>\n\t\t\t\t\t<\/div>\n\t\t<\/div>\n\t\t\t\t\t<\/div>\n\t\t<\/section>\n\t\t\t\t<section class=\"elementor-section elementor-top-section elementor-element elementor-element-3478bf83 elementor-section-boxed elementor-section-height-default elementor-section-height-default\" data-id=\"3478bf83\" data-element_type=\"section\" data-e-type=\"section\" data-settings=\"{&quot;background_background&quot;:&quot;classic&quot;}\">\n\t\t\t\t\t\t<div class=\"elementor-container elementor-column-gap-default\">\n\t\t\t\t\t<div class=\"elementor-column elementor-col-100 elementor-top-column elementor-element elementor-element-5810a014\" data-id=\"5810a014\" data-element_type=\"column\" data-e-type=\"column\">\n\t\t\t<div class=\"elementor-widget-wrap elementor-element-populated\">\n\t\t\t\t\t\t<div class=\"elementor-element elementor-element-66fb0d56 elementor-widget elementor-widget-heading\" data-id=\"66fb0d56\" data-element_type=\"widget\" data-e-type=\"widget\" data-widget_type=\"heading.default\">\n\t\t\t\t\t<h2 class=\"elementor-heading-title elementor-size-default\">smartPM.solutions Fachwissen<\/h2>\t\t\t\t<\/div>\n\t\t\t\t<section class=\"elementor-section elementor-inner-section elementor-element elementor-element-77ca4003 elementor-section-boxed elementor-section-height-default elementor-section-height-default\" data-id=\"77ca4003\" data-element_type=\"section\" data-e-type=\"section\">\n\t\t\t\t\t\t<div class=\"elementor-container elementor-column-gap-default\">\n\t\t\t\t\t<div class=\"elementor-column elementor-col-33 elementor-inner-column elementor-element elementor-element-31cd8fdb\" data-id=\"31cd8fdb\" data-element_type=\"column\" data-e-type=\"column\">\n\t\t\t<div class=\"elementor-widget-wrap elementor-element-populated\">\n\t\t\t\t\t\t<div class=\"elementor-element elementor-element-970aa5 elementor-widget elementor-widget-image\" data-id=\"970aa5\" data-element_type=\"widget\" data-e-type=\"widget\" data-widget_type=\"image.default\">\n\t\t\t\t\t\t\t\t\t\t\t\t\t\t\t\t<a href=\"https:\/\/smartpm.solutions\/de\/neuigkeiten\/\" target=\"_blank\">\n\t\t\t\t\t\t\t<img fetchpriority=\"high\" decoding=\"async\" width=\"1024\" height=\"576\" src=\"https:\/\/smartpm.solutions\/wp-content\/uploads\/Vortrag_Hein_Events_Neuigkeiten-1024x576.png\" class=\"elementor-animation-grow attachment-large size-large wp-image-38865\" alt=\"Vortrag Event smartPM.solutions Alexander Hein Key note controlling\" srcset=\"https:\/\/smartpm.solutions\/wp-content\/uploads\/Vortrag_Hein_Events_Neuigkeiten-1024x576.png 1024w, https:\/\/smartpm.solutions\/wp-content\/uploads\/Vortrag_Hein_Events_Neuigkeiten-300x169.png 300w, https:\/\/smartpm.solutions\/wp-content\/uploads\/Vortrag_Hein_Events_Neuigkeiten-768x432.png 768w, https:\/\/smartpm.solutions\/wp-content\/uploads\/Vortrag_Hein_Events_Neuigkeiten.png 1440w\" sizes=\"(max-width: 1024px) 100vw, 1024px\" \/>\t\t\t\t\t\t\t\t<\/a>\n\t\t\t\t\t\t\t\t\t\t\t\t\t\t\t<\/div>\n\t\t\t\t<div class=\"elementor-element elementor-element-7a09ac41 elementor-widget elementor-widget-text-editor\" data-id=\"7a09ac41\" data-element_type=\"widget\" data-e-type=\"widget\" data-widget_type=\"text-editor.default\">\n\t\t\t\t\t\t\t\t\t<p>Interessante Beitr\u00e4ge und spannende Controlling Fachevents <a href=\"https:\/\/smartpm.solutions\/de\/neuigkeiten\/\" target=\"_blank\" rel=\"noopener\">&gt;&gt;<\/a><\/p>\t\t\t\t\t\t\t\t<\/div>\n\t\t\t\t\t<\/div>\n\t\t<\/div>\n\t\t\t\t<div class=\"elementor-column elementor-col-33 elementor-inner-column elementor-element elementor-element-550ac365\" data-id=\"550ac365\" data-element_type=\"column\" data-e-type=\"column\">\n\t\t\t<div class=\"elementor-widget-wrap elementor-element-populated\">\n\t\t\t\t\t\t<div class=\"elementor-element elementor-element-688541f5 elementor-widget elementor-widget-image\" data-id=\"688541f5\" data-element_type=\"widget\" data-e-type=\"widget\" data-widget_type=\"image.default\">\n\t\t\t\t\t\t\t\t\t\t\t\t\t\t\t\t<a href=\"https:\/\/smartpm.solutions\/de\/loesungen\/\" target=\"_blank\">\n\t\t\t\t\t\t\t<img decoding=\"async\" width=\"1920\" height=\"1080\" src=\"https:\/\/smartpm.solutions\/wp-content\/uploads\/Monitor_IFP_Dashboard-1.png\" class=\"elementor-animation-grow attachment-full size-full wp-image-40810\" alt=\"Integrierte Finanzplanung integrated financial planning\" srcset=\"https:\/\/smartpm.solutions\/wp-content\/uploads\/Monitor_IFP_Dashboard-1.png 1920w, https:\/\/smartpm.solutions\/wp-content\/uploads\/Monitor_IFP_Dashboard-1-300x169.png 300w, https:\/\/smartpm.solutions\/wp-content\/uploads\/Monitor_IFP_Dashboard-1-1024x576.png 1024w, https:\/\/smartpm.solutions\/wp-content\/uploads\/Monitor_IFP_Dashboard-1-768x432.png 768w, https:\/\/smartpm.solutions\/wp-content\/uploads\/Monitor_IFP_Dashboard-1-1536x864.png 1536w\" sizes=\"(max-width: 1920px) 100vw, 1920px\" \/>\t\t\t\t\t\t\t\t<\/a>\n\t\t\t\t\t\t\t\t\t\t\t\t\t\t\t<\/div>\n\t\t\t\t<div class=\"elementor-element elementor-element-1f0e910b elementor-widget elementor-widget-text-editor\" data-id=\"1f0e910b\" data-element_type=\"widget\" data-e-type=\"widget\" data-widget_type=\"text-editor.default\">\n\t\t\t\t\t\t\t\t\t<p>Die smartpm L\u00f6sungen f\u00fcr jeden Anwendungsfall auf einen Blick <a href=\"https:\/\/smartpm.solutions\/de\/loesungen\/\" data-wplink-edit=\"true\">&gt;&gt;<\/a><\/p>\t\t\t\t\t\t\t\t<\/div>\n\t\t\t\t\t<\/div>\n\t\t<\/div>\n\t\t\t\t<div class=\"elementor-column elementor-col-33 elementor-inner-column elementor-element elementor-element-6306e1a0\" data-id=\"6306e1a0\" data-element_type=\"column\" data-e-type=\"column\">\n\t\t\t<div class=\"elementor-widget-wrap elementor-element-populated\">\n\t\t\t\t\t\t<div class=\"elementor-element elementor-element-3784f42b elementor-widget elementor-widget-image\" data-id=\"3784f42b\" data-element_type=\"widget\" data-e-type=\"widget\" data-widget_type=\"image.default\">\n\t\t\t\t\t\t\t\t\t\t\t\t\t\t\t\t<a href=\"https:\/\/smartpm.solutions\/de\/smarte-wissensplattform\/\" target=\"_blank\">\n\t\t\t\t\t\t\t<img decoding=\"async\" width=\"1440\" height=\"810\" src=\"https:\/\/smartpm.solutions\/wp-content\/uploads\/Insel_Modul_Wissensplattform_HD-1.png\" class=\"elementor-animation-grow attachment-full size-full wp-image-38876\" alt=\"Wissensplattform smartPM.solutions Fachwissen Controlling\" srcset=\"https:\/\/smartpm.solutions\/wp-content\/uploads\/Insel_Modul_Wissensplattform_HD-1.png 1440w, https:\/\/smartpm.solutions\/wp-content\/uploads\/Insel_Modul_Wissensplattform_HD-1-300x169.png 300w, https:\/\/smartpm.solutions\/wp-content\/uploads\/Insel_Modul_Wissensplattform_HD-1-1024x576.png 1024w, https:\/\/smartpm.solutions\/wp-content\/uploads\/Insel_Modul_Wissensplattform_HD-1-768x432.png 768w\" sizes=\"(max-width: 1440px) 100vw, 1440px\" \/>\t\t\t\t\t\t\t\t<\/a>\n\t\t\t\t\t\t\t\t\t\t\t\t\t\t\t<\/div>\n\t\t\t\t<div class=\"elementor-element elementor-element-15c89ba elementor-widget elementor-widget-text-editor\" data-id=\"15c89ba\" data-element_type=\"widget\" data-e-type=\"widget\" data-widget_type=\"text-editor.default\">\n\t\t\t\t\t\t\t\t\t<p>Besuche unsere Wissensplattform f\u00fcr mehr interessante Inhalte <a href=\"https:\/\/smartpm.solutions\/de\/smarte-wissensplattform\/\" target=\"_blank\" rel=\"noopener\">&gt;&gt;<\/a><\/p>\t\t\t\t\t\t\t\t<\/div>\n\t\t\t\t\t<\/div>\n\t\t<\/div>\n\t\t\t\t\t<\/div>\n\t\t<\/section>\n\t\t\t\t\t<\/div>\n\t\t<\/div>\n\t\t\t\t\t<\/div>\n\t\t<\/section>\n\t\t\t\t<section class=\"elementor-section elementor-top-section elementor-element elementor-element-9972f02 elementor-section-boxed elementor-section-height-default elementor-section-height-default\" data-id=\"9972f02\" data-element_type=\"section\" data-e-type=\"section\">\n\t\t\t\t\t\t<div class=\"elementor-container elementor-column-gap-default\">\n\t\t\t\t\t<div class=\"elementor-column elementor-col-100 elementor-top-column elementor-element elementor-element-8e89f5a\" data-id=\"8e89f5a\" data-element_type=\"column\" data-e-type=\"column\">\n\t\t\t<div class=\"elementor-widget-wrap elementor-element-populated\">\n\t\t\t\t\t\t<div class=\"elementor-element elementor-element-885ab90 elementor-widget elementor-widget-spacer\" data-id=\"885ab90\" data-element_type=\"widget\" data-e-type=\"widget\" data-widget_type=\"spacer.default\">\n\t\t\t\t\t\t\t<div class=\"elementor-spacer\">\n\t\t\t<div class=\"elementor-spacer-inner\"><\/div>\n\t\t<\/div>\n\t\t\t\t\t\t<\/div>\n\t\t\t\t\t<\/div>\n\t\t<\/div>\n\t\t\t\t\t<\/div>\n\t\t<\/section>\n\t\t\t\t<\/div>\n\t\t","protected":false},"excerpt":{"rendered":"<p>smarte Erfolgsrezepte von Controllern f\u00fcr Controllerin der K\u00fcche und der Unternehmenssteuerung Nach kurzer Zeit war unsere 1.Auflage der smarten Erfolgsrezepte vergriffen. Deshalb gibt es jetzt eine \u00fcberarbeitete 2. Auflage mit bew\u00e4hrten neuen Rezepten. Viel Freude beim Nachkochen w\u00fcnscht das ganze smartpm Team! Das hier ist die Erstauflage der smarten Erfolgsrezepte f\u00fcr Genie\u00dfer. Guten Appetit w\u00fcnscht [&hellip;]<\/p>\n","protected":false},"author":2,"featured_media":22410,"parent":0,"menu_order":0,"comment_status":"closed","ping_status":"closed","template":"","meta":{"content-type":"","site-sidebar-layout":"no-sidebar","site-content-layout":"page-builder","ast-site-content-layout":"default","site-content-style":"default","site-sidebar-style":"default","ast-global-header-display":"","ast-banner-title-visibility":"","ast-main-header-display":"","ast-hfb-above-header-display":"","ast-hfb-below-header-display":"","ast-hfb-mobile-header-display":"","site-post-title":"disabled","ast-breadcrumbs-content":"","ast-featured-img":"disabled","footer-sml-layout":"","ast-disable-related-posts":"","theme-transparent-header-meta":"","adv-header-id-meta":"","stick-header-meta":"","header-above-stick-meta":"","header-main-stick-meta":"","header-below-stick-meta":"","astra-migrate-meta-layouts":"default","ast-page-background-enabled":"default","ast-page-background-meta":{"desktop":{"background-color":"","background-image":"","background-repeat":"repeat","background-position":"center center","background-size":"auto","background-attachment":"scroll","background-type":"","background-media":"","overlay-type":"","overlay-color":"","overlay-opacity":"","overlay-gradient":""},"tablet":{"background-color":"","background-image":"","background-repeat":"repeat","background-position":"center center","background-size":"auto","background-attachment":"scroll","background-type":"","background-media":"","overlay-type":"","overlay-color":"","overlay-opacity":"","overlay-gradient":""},"mobile":{"background-color":"","background-image":"","background-repeat":"repeat","background-position":"center center","background-size":"auto","background-attachment":"scroll","background-type":"","background-media":"","overlay-type":"","overlay-color":"","overlay-opacity":"","overlay-gradient":""}},"ast-content-background-meta":{"desktop":{"background-color":"var(--ast-global-color-5)","background-image":"","background-repeat":"repeat","background-position":"center center","background-size":"auto","background-attachment":"scroll","background-type":"","background-media":"","overlay-type":"","overlay-color":"","overlay-opacity":"","overlay-gradient":""},"tablet":{"background-color":"var(--ast-global-color-5)","background-image":"","background-repeat":"repeat","background-position":"center center","background-size":"auto","background-attachment":"scroll","background-type":"","background-media":"","overlay-type":"","overlay-color":"","overlay-opacity":"","overlay-gradient":""},"mobile":{"background-color":"var(--ast-global-color-5)","background-image":"","background-repeat":"repeat","background-position":"center center","background-size":"auto","background-attachment":"scroll","background-type":"","background-media":"","overlay-type":"","overlay-color":"","overlay-opacity":"","overlay-gradient":""}},"footnotes":""},"class_list":["post-25607","page","type-page","status-publish","has-post-thumbnail","hentry"],"_links":{"self":[{"href":"https:\/\/smartpm.solutions\/de\/wp-json\/wp\/v2\/pages\/25607","targetHints":{"allow":["GET"]}}],"collection":[{"href":"https:\/\/smartpm.solutions\/de\/wp-json\/wp\/v2\/pages"}],"about":[{"href":"https:\/\/smartpm.solutions\/de\/wp-json\/wp\/v2\/types\/page"}],"author":[{"embeddable":true,"href":"https:\/\/smartpm.solutions\/de\/wp-json\/wp\/v2\/users\/2"}],"replies":[{"embeddable":true,"href":"https:\/\/smartpm.solutions\/de\/wp-json\/wp\/v2\/comments?post=25607"}],"version-history":[{"count":24,"href":"https:\/\/smartpm.solutions\/de\/wp-json\/wp\/v2\/pages\/25607\/revisions"}],"predecessor-version":[{"id":47530,"href":"https:\/\/smartpm.solutions\/de\/wp-json\/wp\/v2\/pages\/25607\/revisions\/47530"}],"wp:featuredmedia":[{"embeddable":true,"href":"https:\/\/smartpm.solutions\/de\/wp-json\/wp\/v2\/media\/22410"}],"wp:attachment":[{"href":"https:\/\/smartpm.solutions\/de\/wp-json\/wp\/v2\/media?parent=25607"}],"curies":[{"name":"wp","href":"https:\/\/api.w.org\/{rel}","templated":true}]}}