{"id":41604,"date":"2018-11-16T16:49:12","date_gmt":"2018-11-16T15:49:12","guid":{"rendered":"https:\/\/websitetest.smartpm.solutions\/?page_id=41604"},"modified":"2026-02-18T15:52:41","modified_gmt":"2026-02-18T14:52:41","slug":"contactez-nous","status":"publish","type":"page","link":"https:\/\/smartpm.solutions\/fr\/contactez-nous\/","title":{"rendered":"contactez nous"},"content":{"rendered":"\t\t<div data-elementor-type=\"wp-post\" data-elementor-id=\"41604\" class=\"elementor elementor-41604 elementor-209\" data-elementor-post-type=\"page\">\n\t\t\t\t\t\t<section class=\"elementor-section elementor-top-section elementor-element elementor-element-113984d elementor-section-boxed elementor-section-height-default elementor-section-height-default\" data-id=\"113984d\" data-element_type=\"section\" data-e-type=\"section\" data-settings=\"{&quot;background_background&quot;:&quot;classic&quot;}\">\n\t\t\t\t\t\t<div class=\"elementor-container elementor-column-gap-default\">\n\t\t\t\t\t<div class=\"elementor-column elementor-col-100 elementor-top-column elementor-element elementor-element-2f34d30\" data-id=\"2f34d30\" data-element_type=\"column\" data-e-type=\"column\">\n\t\t\t<div class=\"elementor-widget-wrap elementor-element-populated\">\n\t\t\t\t\t\t<div class=\"elementor-element elementor-element-ac576d8 elementor-widget elementor-widget-heading\" data-id=\"ac576d8\" data-element_type=\"widget\" data-e-type=\"widget\" data-widget_type=\"heading.default\">\n\t\t\t\t\t<h1 class=\"elementor-heading-title elementor-size-default\">Contactez-nous<\/h1>\t\t\t\t<\/div>\n\t\t\t\t\t<\/div>\n\t\t<\/div>\n\t\t\t\t\t<\/div>\n\t\t<\/section>\n\t\t\t\t<section class=\"elementor-section elementor-top-section elementor-element elementor-element-ed0fb5e elementor-section-boxed elementor-section-height-default elementor-section-height-default\" data-id=\"ed0fb5e\" data-element_type=\"section\" data-e-type=\"section\">\n\t\t\t\t\t\t<div class=\"elementor-container elementor-column-gap-default\">\n\t\t\t\t\t<div class=\"elementor-column elementor-col-25 elementor-top-column elementor-element elementor-element-325c1f4\" data-id=\"325c1f4\" data-element_type=\"column\" data-e-type=\"column\">\n\t\t\t<div class=\"elementor-widget-wrap\">\n\t\t\t\t\t\t\t<\/div>\n\t\t<\/div>\n\t\t\t\t<div class=\"elementor-column elementor-col-50 elementor-top-column elementor-element elementor-element-351ce7b\" data-id=\"351ce7b\" data-element_type=\"column\" data-e-type=\"column\">\n\t\t\t<div class=\"elementor-widget-wrap elementor-element-populated\">\n\t\t\t\t\t\t<div class=\"elementor-element elementor-element-d7c7304 elementor-widget elementor-widget-image\" data-id=\"d7c7304\" data-element_type=\"widget\" data-e-type=\"widget\" data-widget_type=\"image.default\">\n\t\t\t\t\t\t\t\t\t\t\t\t\t\t\t<img fetchpriority=\"high\" decoding=\"async\" width=\"2560\" height=\"1592\" src=\"https:\/\/smartpm.solutions\/wp-content\/uploads\/businesswoman_pexels_1.2.2019.jpg\" class=\"attachment-full size-full wp-image-40865\" alt=\"\" srcset=\"https:\/\/smartpm.solutions\/wp-content\/uploads\/businesswoman_pexels_1.2.2019.jpg 2560w, https:\/\/smartpm.solutions\/wp-content\/uploads\/businesswoman_pexels_1.2.2019-300x187.jpg 300w, https:\/\/smartpm.solutions\/wp-content\/uploads\/businesswoman_pexels_1.2.2019-1024x637.jpg 1024w, https:\/\/smartpm.solutions\/wp-content\/uploads\/businesswoman_pexels_1.2.2019-768x478.jpg 768w, https:\/\/smartpm.solutions\/wp-content\/uploads\/businesswoman_pexels_1.2.2019-1536x955.jpg 1536w, https:\/\/smartpm.solutions\/wp-content\/uploads\/businesswoman_pexels_1.2.2019-2048x1274.jpg 2048w\" sizes=\"(max-width: 2560px) 100vw, 2560px\" \/>\t\t\t\t\t\t\t\t\t\t\t\t\t\t\t<\/div>\n\t\t\t\t\t<\/div>\n\t\t<\/div>\n\t\t\t\t<div class=\"elementor-column elementor-col-25 elementor-top-column elementor-element elementor-element-5b23e18\" data-id=\"5b23e18\" data-element_type=\"column\" data-e-type=\"column\">\n\t\t\t<div class=\"elementor-widget-wrap\">\n\t\t\t\t\t\t\t<\/div>\n\t\t<\/div>\n\t\t\t\t\t<\/div>\n\t\t<\/section>\n\t\t\t\t<section class=\"elementor-section elementor-top-section elementor-element elementor-element-44e0550b elementor-section-boxed elementor-section-height-default elementor-section-height-default\" data-id=\"44e0550b\" data-element_type=\"section\" data-e-type=\"section\">\n\t\t\t\t\t\t<div class=\"elementor-container elementor-column-gap-default\">\n\t\t\t\t\t<div class=\"elementor-column elementor-col-100 elementor-top-column elementor-element elementor-element-3e45a6b5\" data-id=\"3e45a6b5\" data-element_type=\"column\" data-e-type=\"column\">\n\t\t\t<div class=\"elementor-widget-wrap elementor-element-populated\">\n\t\t\t\t\t\t<div class=\"elementor-element elementor-element-2803f60d elementor-widget elementor-widget-text-editor\" data-id=\"2803f60d\" data-element_type=\"widget\" data-e-type=\"widget\" data-widget_type=\"text-editor.default\">\n\t\t\t\t\t\t\t\t\t<p><span class=\"HwtZe\" lang=\"en\"> <span class=\"jCAhz ChMk0b\"><span class=\"ryNqvb\">Vous \u00eates particuli\u00e8rement int\u00e9ress\u00e9 par l&rsquo;une de nos solutions de gestion de la performance financi\u00e8re et souhaitez qu&rsquo;un expert vous en parle ?<\/span><\/span><strong><a href=\"https:\/\/smartpm.solutions\/fr\/expert\" target=\"_blank\" rel=\"noopener\"> <span class=\"jCAhz ChMk0b\"><span class=\"ryNqvb\">Cliquez ici &gt;&gt;<\/span><\/span><\/a><\/strong><\/span><\/p><p><span class=\"HwtZe\" lang=\"en\"><span class=\"jCAhz ChMk0b\"><span class=\"ryNqvb\">Vous \u00eates d\u00e9j\u00e0 client et vous avez besoin d&rsquo;aide ?<\/span><\/span> <a href=\"https:\/\/smartpm.solutions\/support\/\" target=\"_blank\" rel=\"noopener\"><span class=\"jCAhz ChMk0b\"><span class=\"ryNqvb\"><strong>Cliquez ici &gt;&gt;<\/strong><\/span><\/span><\/a><\/span><\/p><p><span class=\"HwtZe\" lang=\"en\"> <span class=\"jCAhz ChMk0b\"><span class=\"ryNqvb\">Dans tous les autres cas, merci de nous envoyer un message via notre formulaire de contact.<\/span><\/span> <span class=\"jCAhz ChMk0b\"><span class=\"ryNqvb\">Nous vous r\u00e9pondrons dans les plus brefs d\u00e9lais !<\/span><\/span><\/span><\/p><p>Vous pouvez \u00e9galement nous contacter au +43 (1) 358 00 70 ou par e-mail \u00e0 l&rsquo;adresse suivante : <a href=\"mailto:info@smartpm.solutions\">info@smartpm.solutions<\/a><\/p>\t\t\t\t\t\t\t\t<\/div>\n\t\t\t\t<div class=\"elementor-element elementor-element-1d0c522 elementor-widget elementor-widget-html\" data-id=\"1d0c522\" data-element_type=\"widget\" data-e-type=\"widget\" data-widget_type=\"html.default\">\n\t\t\t\t\t<iframe\r\n  id=\"hsFormFrame\"\r\n  src=\"https:\/\/page.smartpm.solutions\/fr\/kontaktformular-fr\"\r\n  style=\"width:100%; border:0; display:block; overflow:hidden;\"\r\n  scrolling=\"no\"\r\n  frameborder=\"0\"\r\n  allowtransparency=\"true\"\r\n  loading=\"lazy\">\r\n<\/iframe>\r\n<script>\r\n(function () {\r\n  const iframe = document.getElementById('hsFormFrame');\r\n  const allowedOrigin = (() => { try { return new URL(iframe.src).origin; } catch (e) { return '*'; } })();\r\n  iframe.style.transition = 'height 120ms ease';\r\n  function onMessage(e) {\r\n    if (allowedOrigin !== '*' && e.origin !== allowedOrigin) return;\r\n    let data = e.data;\r\n    if (typeof data === 'string') { try { data = JSON.parse(data); } catch (_) {} }\r\n    \/\/ Auto-Height\r\n    if (data && (data.type === 'hs-size' || data.height)) {\r\n      const h = Number(data.height || data.value);\r\n      if (Number.isFinite(h) && h > 0 && h < 20000) iframe.style.height = h + 'px';\r\n    }\r\n    \/\/ Top-Level-Redirect (pr\u00e4feriert, falls Kindseite meldet)\r\n    if (data && data.type === 'hs-redirect' && data.url) {\r\n      try { window.location.href = data.url; } catch { window.location.assign(data.url); }\r\n    }\r\n  }\r\n  function pingChild() {\r\n    try {\r\n      if (iframe.contentWindow) {\r\n        iframe.contentWindow.postMessage({ type: 'hs-ping' }, allowedOrigin === '*' ? '*' : allowedOrigin);\r\n      }\r\n    } catch (_) {}\r\n  }\r\n  window.addEventListener('message', onMessage, false);\r\n  iframe.addEventListener('load', () => {\r\n    pingChild();\r\n    setTimeout(pingChild, 150);\r\n    setTimeout(pingChild, 600);\r\n    setTimeout(pingChild, 1200);\r\n    setTimeout(pingChild, 2000);\r\n  });\r\n})();\r\n<\/script> \r\n\t\t\t\t<\/div>\n\t\t\t\t<div class=\"elementor-element elementor-element-5ba19659 elementor-widget elementor-widget-google_maps\" data-id=\"5ba19659\" data-element_type=\"widget\" data-e-type=\"widget\" data-widget_type=\"google_maps.default\">\n\t\t\t\t\t\t\t<div class=\"elementor-custom-embed\">\n\t\t\t<iframe loading=\"lazy\"\n\t\t\t\t\tsrc=\"https:\/\/maps.google.com\/maps?q=smartPM.solutions&#038;t=m&#038;z=10&#038;output=embed&#038;iwloc=near\"\n\t\t\t\t\ttitle=\"smartPM.solutions\"\n\t\t\t\t\taria-label=\"smartPM.solutions\"\n\t\t\t><\/iframe>\n\t\t<\/div>\n\t\t\t\t\t\t<\/div>\n\t\t\t\t\t<\/div>\n\t\t<\/div>\n\t\t\t\t\t<\/div>\n\t\t<\/section>\n\t\t\t\t<\/div>\n\t\t","protected":false},"excerpt":{"rendered":"<p>Contactez-nous Vous \u00eates particuli\u00e8rement int\u00e9ress\u00e9 par l&rsquo;une de nos solutions de gestion de la performance financi\u00e8re et souhaitez qu&rsquo;un expert vous en parle ? Cliquez ici &gt;&gt; Vous \u00eates d\u00e9j\u00e0 client et vous avez besoin d&rsquo;aide ? Cliquez ici &gt;&gt; Dans tous les autres cas, merci de nous envoyer un message via notre formulaire de [&hellip;]<\/p>\n","protected":false},"author":24,"featured_media":0,"parent":0,"menu_order":0,"comment_status":"closed","ping_status":"closed","template":"","meta":{"content-type":"","site-sidebar-layout":"no-sidebar","site-content-layout":"page-builder","ast-site-content-layout":"default","site-content-style":"default","site-sidebar-style":"default","ast-global-header-display":"","ast-banner-title-visibility":"","ast-main-header-display":"","ast-hfb-above-header-display":"","ast-hfb-below-header-display":"","ast-hfb-mobile-header-display":"","site-post-title":"disabled","ast-breadcrumbs-content":"","ast-featured-img":"disabled","footer-sml-layout":"","ast-disable-related-posts":"","theme-transparent-header-meta":"default","adv-header-id-meta":"","stick-header-meta":"","header-above-stick-meta":"","header-main-stick-meta":"","header-below-stick-meta":"","astra-migrate-meta-layouts":"set","ast-page-background-enabled":"default","ast-page-background-meta":{"desktop":{"background-color":"","background-image":"","background-repeat":"repeat","background-position":"center center","background-size":"auto","background-attachment":"scroll","background-type":"","background-media":"","overlay-type":"","overlay-color":"","overlay-opacity":"","overlay-gradient":""},"tablet":{"background-color":"","background-image":"","background-repeat":"repeat","background-position":"center center","background-size":"auto","background-attachment":"scroll","background-type":"","background-media":"","overlay-type":"","overlay-color":"","overlay-opacity":"","overlay-gradient":""},"mobile":{"background-color":"","background-image":"","background-repeat":"repeat","background-position":"center center","background-size":"auto","background-attachment":"scroll","background-type":"","background-media":"","overlay-type":"","overlay-color":"","overlay-opacity":"","overlay-gradient":""}},"ast-content-background-meta":{"desktop":{"background-color":"var(--ast-global-color-5)","background-image":"","background-repeat":"repeat","background-position":"center center","background-size":"auto","background-attachment":"scroll","background-type":"","background-media":"","overlay-type":"","overlay-color":"","overlay-opacity":"","overlay-gradient":""},"tablet":{"background-color":"var(--ast-global-color-5)","background-image":"","background-repeat":"repeat","background-position":"center center","background-size":"auto","background-attachment":"scroll","background-type":"","background-media":"","overlay-type":"","overlay-color":"","overlay-opacity":"","overlay-gradient":""},"mobile":{"background-color":"var(--ast-global-color-5)","background-image":"","background-repeat":"repeat","background-position":"center center","background-size":"auto","background-attachment":"scroll","background-type":"","background-media":"","overlay-type":"","overlay-color":"","overlay-opacity":"","overlay-gradient":""}},"footnotes":""},"class_list":["post-41604","page","type-page","status-publish","hentry"],"_links":{"self":[{"href":"https:\/\/smartpm.solutions\/fr\/wp-json\/wp\/v2\/pages\/41604","targetHints":{"allow":["GET"]}}],"collection":[{"href":"https:\/\/smartpm.solutions\/fr\/wp-json\/wp\/v2\/pages"}],"about":[{"href":"https:\/\/smartpm.solutions\/fr\/wp-json\/wp\/v2\/types\/page"}],"author":[{"embeddable":true,"href":"https:\/\/smartpm.solutions\/fr\/wp-json\/wp\/v2\/users\/24"}],"replies":[{"embeddable":true,"href":"https:\/\/smartpm.solutions\/fr\/wp-json\/wp\/v2\/comments?post=41604"}],"version-history":[{"count":18,"href":"https:\/\/smartpm.solutions\/fr\/wp-json\/wp\/v2\/pages\/41604\/revisions"}],"predecessor-version":[{"id":48812,"href":"https:\/\/smartpm.solutions\/fr\/wp-json\/wp\/v2\/pages\/41604\/revisions\/48812"}],"wp:attachment":[{"href":"https:\/\/smartpm.solutions\/fr\/wp-json\/wp\/v2\/media?parent=41604"}],"curies":[{"name":"wp","href":"https:\/\/api.w.org\/{rel}","templated":true}]}}